{"id":54,"date":"2012-08-27T10:09:45","date_gmt":"2012-08-27T10:09:45","guid":{"rendered":"https:\/\/entreresinas.com\/?page_id=54"},"modified":"2012-10-08T15:08:05","modified_gmt":"2012-10-08T15:08:05","slug":"bienvenida","status":"publish","type":"page","link":"https:\/\/entreresinas.com\/","title":{"rendered":"Bienvenida"},"content":{"rendered":"<p><br \/>\nLa casa rural est\u00e1 ubicada en Las Navas del Marqu\u00e9s, \u00c1vila. Su cercan\u00eda a Madrid, su atractivo entorno natural y el hecho de estar situado en una zona de monta\u00f1a, que le confiere un clima suave en verano, lo convierten en un pueblo ideal para el veraneo, el esparcimiento de fin de semana y la pr\u00e1ctica de deportes como el senderismo o la bicicleta de monta\u00f1a.<\/p>\n","protected":false},"excerpt":{"rendered":"<p>La casa rural est\u00e1 ubicada en Las Navas del Marqu\u00e9s, \u00c1vila. Su cercan\u00eda a Madrid, su atractivo entorno natural y el hecho de estar situado en una zona de monta\u00f1a, que le confiere un clima suave en verano, lo convierten en un pueblo ideal para el veraneo, el esparcimiento de fin de semana y la [&hellip;]<\/p>\n","protected":false},"author":1,"featured_media":0,"parent":0,"menu_order":0,"comment_status":"open","ping_status":"open","template":"","meta":{"footnotes":""},"class_list":["post-54","page","type-page","status-publish","hentry"],"_links":{"self":[{"href":"https:\/\/entreresinas.com\/index.php?rest_route=\/wp\/v2\/pages\/54","targetHints":{"allow":["GET"]}}],"collection":[{"href":"https:\/\/entreresinas.com\/index.php?rest_route=\/wp\/v2\/pages"}],"about":[{"href":"https:\/\/entreresinas.com\/index.php?rest_route=\/wp\/v2\/types\/page"}],"author":[{"embeddable":true,"href":"https:\/\/entreresinas.com\/index.php?rest_route=\/wp\/v2\/users\/1"}],"replies":[{"embeddable":true,"href":"https:\/\/entreresinas.com\/index.php?rest_route=%2Fwp%2Fv2%2Fcomments&post=54"}],"version-history":[{"count":8,"href":"https:\/\/entreresinas.com\/index.php?rest_route=\/wp\/v2\/pages\/54\/revisions"}],"predecessor-version":[{"id":61,"href":"https:\/\/entreresinas.com\/index.php?rest_route=\/wp\/v2\/pages\/54\/revisions\/61"}],"wp:attachment":[{"href":"https:\/\/entreresinas.com\/index.php?rest_route=%2Fwp%2Fv2%2Fmedia&parent=54"}],"curies":[{"name":"wp","href":"https:\/\/api.w.org\/{rel}","templated":true}]}}